
{"id":331,"date":"2025-05-21T12:35:52","date_gmt":"2025-05-21T09:35:52","guid":{"rendered":"https:\/\/www.driremyengel.com\/?page_id=331"},"modified":"2025-07-31T23:01:55","modified_gmt":"2025-07-31T20:01:55","slug":"hakkimda","status":"publish","type":"page","link":"https:\/\/www.driremyengel.com\/tr\/hakkimda\/","title":{"rendered":"Hakk\u0131mda"},"content":{"rendered":"<p>Doktor \u0130rem Yengel, 22 A\u011fustos 1980 tarihinde Adana\u2019da do\u011fmu\u015ftur. \u0130lk\u00f6\u011fretim ve lise e\u011fitimini Adana\u2019da tamamlam\u0131\u015f, 1998 y\u0131l\u0131nda \u00c7ukurova \u00dcniversitesi T\u0131p Fak\u00fcltesi\u2019ni kazanarak t\u0131p alan\u0131nda e\u011fitim hayat\u0131na ba\u015flam\u0131\u015ft\u0131r. 2004 y\u0131l\u0131nda mezuniyetini takiben, T\u0131pta Uzmanl\u0131k S\u0131nav\u0131 (TUS) sonucunda kad\u0131n do\u011fum alan\u0131nda T\u00fcrkiye\u2019de ilk 10\u2019a girerek Adana Numune E\u011fitim ve Ara\u015ft\u0131rma Hastanesi Kad\u0131n Do\u011fum B\u00f6l\u00fcm\u00fc\u2019nde uzmanl\u0131k e\u011fitimine ba\u015flam\u0131\u015ft\u0131r.<\/p>\n<p>Kad\u0131n do\u011fum bran\u015f\u0131ndaki mesleki yeterlili\u011fini art\u0131rmak amac\u0131yla, Adana Numune E\u011fitim ve Ara\u015ft\u0131rma Hastanesi\u2019ni tercih eden Dr. Yengel, burada be\u015f y\u0131l boyunca binlerce ameliyat ve do\u011fum ger\u00e7ekle\u015ftirmi\u015ftir. 2009 y\u0131l\u0131nda Kad\u0131n Do\u011fum ihtisas\u0131n\u0131 tamamlayarak Adana Do\u011fumevi\u2019nde mecburi hizmetine ba\u015flam\u0131\u015f, bu s\u00fcre\u00e7te \u00e7e\u015fitli vakalarla deneyim kazanm\u0131\u015ft\u0131r.<\/p>\n<p>Mecburi hizmetini tamamlad\u0131ktan sonra, \u0130stanbul Medipol \u00dcniversitesi Kad\u0131n Do\u011fum Klini\u011fi\u2019nde g\u00f6reve ba\u015flam\u0131\u015f ve burada akademik ile t\u0131bbi uygulamalara yo\u011fun bir \u015fekilde katk\u0131da bulunmu\u015ftur. Yurti\u00e7inde ve yurtd\u0131\u015f\u0131nda bir\u00e7ok bilimsel \u00e7al\u0131\u015fma ve deney ger\u00e7ekle\u015ftiren Dr. Yengel, \u00f6zellikle gebelik, d\u00fc\u015f\u00fck, do\u011fum, genital estetik, jinekoloji, riskli gebelik, infertilite ve t\u00fcp bebek alanlar\u0131nda uzmanla\u015fm\u0131\u015ft\u0131r. Sa\u011fl\u0131k Bakanl\u0131\u011f\u0131\u2019n\u0131n Yard\u0131mc\u0131 \u00dcreme Teknikleri Sertifikasyon Programlar\u0131n\u0131 ba\u015far\u0131yla tamamlam\u0131\u015ft\u0131r.<\/p>\n<p>2018 y\u0131l\u0131nda \u0130stanbul Memorial \u015ei\u015fli Hastanesi Kad\u0131n Hastal\u0131klar\u0131 ve Do\u011fum Klini\u011fi, T\u00fcp Bebek ve \u0130nfertilite B\u00f6l\u00fcm\u00fc\u2019nde g\u00f6rev alm\u0131\u015f, ayn\u0131 y\u0131l Medipol \u00dcniversitesi\u2019nde \u00f6\u011fretim \u00fcyeli\u011fi unvan\u0131n\u0131 alarak t\u0131p fak\u00fcltesi \u00f6\u011frencilerinin kad\u0131n do\u011fum staj programlar\u0131n\u0131 y\u00fcr\u00fctm\u00fc\u015ft\u00fcr. Yurt i\u00e7i ve yurt d\u0131\u015f\u0131ndaki \u00e7e\u015fitli bilimsel dergilerde bir\u00e7ok makale ve deneysel \u00e7al\u0131\u015fmas\u0131 bulunmaktad\u0131r.<\/p>\n<p>Medipol \u00dcniversitesi\u2019nde 2017-2022 y\u0131llar\u0131 aras\u0131nda g\u00f6rev yapt\u0131ktan sonra, kendi klini\u011fini a\u00e7arak \u0130stanbul\u2019da hastalar\u0131na hizmet vermektedir. Ki\u015fisel ilgi alanlar\u0131 aras\u0131nda resim, sinema ve seyahat yer almakta olup, \u00e7ocuklar\u0131yla birlikte basketbol izlemektedir. R\u00fczgar ve Nehir ad\u0131nda iki \u00e7ocuk annesidir.<\/p>\n<p><strong>E\u011fitim ve Kariyer Zaman \u00c7izelgesi:<\/strong><\/p>\n<ul class=\"wp-block-list\">\n<li><strong>\u00c7ukurova \u00dcniversitesi T\u0131p Fak\u00fcltesi<\/strong><br \/>\nT\u0131p Doktoru, 2004<\/li>\n<li><strong>\u00c7ukurova \u00dcniversitesi T\u0131p Fak\u00fcltesi<\/strong><br \/>\nKad\u0131n Hastal\u0131klar\u0131 ve Do\u011fum Uzman\u0131, 2009<\/li>\n<li><strong>Adana Numune E\u011fitim ve Ara\u015ft\u0131rma Hastanesi<\/strong><br \/>\nKad\u0131n Do\u011fum \u0130htisas\u0131, 2004-2009<\/li>\n<li><strong>Adana Do\u011fumevi<\/strong><br \/>\nMecburi Hizmet, 2009-2012<\/li>\n<li><strong>\u0130stanbul Medipol \u00dcniversitesi Kad\u0131n Do\u011fum Klini\u011fi<\/strong><br \/>\n2012-2017<\/li>\n<li><strong>\u0130stanbul Memorial \u015ei\u015fli Hastanesi Kad\u0131n Hastal\u0131klar\u0131 ve Do\u011fum Klini\u011fi<\/strong><br \/>\n2018<\/li>\n<li><strong>\u00d6\u011fretim \u00dcyesi, Medipol \u00dcniversitesi<\/strong><br \/>\n2018-2022<\/li>\n<li><strong>Kad\u0131n Hastal\u0131klar\u0131 ve Do\u011fum Uzman\u0131 &amp; K\u00fc\u00e7\u00fck\u00e7ekmece Klinik, \u0130stanbul<\/strong><br \/>\n2022-G\u00fcn\u00fcm\u00fcz<\/li>\n<\/ul>\n<p><img loading=\"lazy\" decoding=\"async\" class=\"alignnone wp-image-1327\" src=\"https:\/\/www.driremyengel.com\/wp-content\/uploads\/2025\/07\/IMG_6114-225x300.webp\" alt=\"\" width=\"510\" height=\"680\" srcset=\"https:\/\/www.driremyengel.com\/wp-content\/uploads\/2025\/07\/IMG_6114-225x300.webp 225w, https:\/\/www.driremyengel.com\/wp-content\/uploads\/2025\/07\/IMG_6114-768x1024.webp 768w, https:\/\/www.driremyengel.com\/wp-content\/uploads\/2025\/07\/IMG_6114-1152x1536.webp 1152w, https:\/\/www.driremyengel.com\/wp-content\/uploads\/2025\/07\/IMG_6114-1536x2048.webp 1536w, https:\/\/www.driremyengel.com\/wp-content\/uploads\/2025\/07\/IMG_6114-113x150.webp 113w, https:\/\/www.driremyengel.com\/wp-content\/uploads\/2025\/07\/IMG_6114-scaled.webp 1920w\" sizes=\"auto, (max-width: 510px) 100vw, 510px\" \/><\/p>\n","protected":false},"excerpt":{"rendered":"<p>Doktor \u0130rem Yengel, 22 A\u011fustos 1980 tarihinde Adana\u2019da do\u011fmu\u015ftur. \u0130lk\u00f6\u011fretim ve lise e\u011fitimini Adana\u2019da tamamlam\u0131\u015f, 1998 y\u0131l\u0131nda \u00c7ukurova \u00dcniversitesi T\u0131p Fak\u00fcltesi\u2019ni kazanarak t\u0131p alan\u0131nda e\u011fitim hayat\u0131na ba\u015flam\u0131\u015ft\u0131r. 2004 y\u0131l\u0131nda mezuniyetini takiben, T\u0131pta Uzmanl\u0131k S\u0131nav\u0131 (TUS) sonucunda kad\u0131n do\u011fum alan\u0131nda T\u00fcrkiye\u2019de ilk 10\u2019a girerek Adana Numune E\u011fitim ve Ara\u015ft\u0131rma Hastanesi Kad\u0131n Do\u011fum B\u00f6l\u00fcm\u00fc\u2019nde uzmanl\u0131k e\u011fitimine ba\u015flam\u0131\u015ft\u0131r. [&hellip;]<\/p>\n","protected":false},"author":1,"featured_media":332,"parent":0,"menu_order":0,"comment_status":"closed","ping_status":"closed","template":"","meta":{"footnotes":""},"class_list":["post-331","page","type-page","status-publish","has-post-thumbnail","hentry"],"_links":{"self":[{"href":"https:\/\/www.driremyengel.com\/tr\/wp-json\/wp\/v2\/pages\/331","targetHints":{"allow":["GET"]}}],"collection":[{"href":"https:\/\/www.driremyengel.com\/tr\/wp-json\/wp\/v2\/pages"}],"about":[{"href":"https:\/\/www.driremyengel.com\/tr\/wp-json\/wp\/v2\/types\/page"}],"author":[{"embeddable":true,"href":"https:\/\/www.driremyengel.com\/tr\/wp-json\/wp\/v2\/users\/1"}],"replies":[{"embeddable":true,"href":"https:\/\/www.driremyengel.com\/tr\/wp-json\/wp\/v2\/comments?post=331"}],"version-history":[{"count":2,"href":"https:\/\/www.driremyengel.com\/tr\/wp-json\/wp\/v2\/pages\/331\/revisions"}],"predecessor-version":[{"id":1343,"href":"https:\/\/www.driremyengel.com\/tr\/wp-json\/wp\/v2\/pages\/331\/revisions\/1343"}],"wp:featuredmedia":[{"embeddable":true,"href":"https:\/\/www.driremyengel.com\/tr\/wp-json\/wp\/v2\/media\/332"}],"wp:attachment":[{"href":"https:\/\/www.driremyengel.com\/tr\/wp-json\/wp\/v2\/media?parent=331"}],"curies":[{"name":"wp","href":"https:\/\/api.w.org\/{rel}","templated":true}]}}